{"id":104,"date":"2023-03-09T14:10:24","date_gmt":"2023-03-09T14:10:24","guid":{"rendered":"https:\/\/navstarpetroleum.com\/?page_id=104"},"modified":"2023-03-10T05:15:09","modified_gmt":"2023-03-10T05:15:09","slug":"contact","status":"publish","type":"page","link":"https:\/\/navstarpetroleum.com\/?page_id=104","title":{"rendered":"Contact"},"content":{"rendered":"\t\t<div data-elementor-type=\"wp-page\" data-elementor-id=\"104\" class=\"elementor elementor-104\" data-elementor-post-type=\"page\">\n\t\t\t\t\t\t<section data-particle_enable=\"false\" data-particle-mobile-disabled=\"false\" class=\"elementor-section elementor-top-section elementor-element elementor-element-3baee688 elementor-section-boxed elementor-section-height-default elementor-section-height-default\" data-id=\"3baee688\" data-element_type=\"section\" data-settings=\"{&quot;background_background&quot;:&quot;classic&quot;}\">\n\t\t\t\t\t\t\t<div class=\"elementor-background-overlay\"><\/div>\n\t\t\t\t\t\t\t<div class=\"elementor-container elementor-column-gap-default\">\n\t\t\t\t\t<div class=\"elementor-column elementor-col-50 elementor-top-column elementor-element elementor-element-203d4fca\" data-id=\"203d4fca\" data-element_type=\"column\">\n\t\t\t<div class=\"elementor-widget-wrap elementor-element-populated\">\n\t\t\t\t\t\t<div class=\"elementor-element elementor-element-9f6a3d3 elementor-invisible elementor-widget elementor-widget-heading\" data-id=\"9f6a3d3\" data-element_type=\"widget\" data-settings=\"{&quot;_animation&quot;:&quot;fadeInUp&quot;}\" data-widget_type=\"heading.default\">\n\t\t\t\t<div class=\"elementor-widget-container\">\n\t\t\t\t\t<h2 class=\"elementor-heading-title elementor-size-default\">Contact<\/h2>\t\t\t\t<\/div>\n\t\t\t\t<\/div>\n\t\t\t\t<div class=\"elementor-element elementor-element-dbb185d elementor-invisible elementor-widget elementor-widget-text-editor\" data-id=\"dbb185d\" data-element_type=\"widget\" data-settings=\"{&quot;_animation&quot;:&quot;fadeInUp&quot;,&quot;_animation_delay&quot;:360}\" data-widget_type=\"text-editor.default\">\n\t\t\t\t<div class=\"elementor-widget-container\">\n\t\t\t\t\t\t\t\t\t<p>Des questions ? Parlez \u00e0 quelqu&rsquo;un. Ecrivez nous pour les produits et les ventes, le service client\u00e8le, l&rsquo;approvisionnement et bien d&rsquo;autres.<\/p>\t\t\t\t\t\t\t\t<\/div>\n\t\t\t\t<\/div>\n\t\t\t\t\t<\/div>\n\t\t<\/div>\n\t\t\t\t<div class=\"elementor-column elementor-col-50 elementor-top-column elementor-element elementor-element-95d245c\" data-id=\"95d245c\" data-element_type=\"column\">\n\t\t\t<div class=\"elementor-widget-wrap\">\n\t\t\t\t\t\t\t<\/div>\n\t\t<\/div>\n\t\t\t\t\t<\/div>\n\t\t<\/section>\n\t\t\t\t<section data-particle_enable=\"false\" data-particle-mobile-disabled=\"false\" class=\"elementor-section elementor-top-section elementor-element elementor-element-1fd2b1f elementor-section-boxed elementor-section-height-default elementor-section-height-default\" data-id=\"1fd2b1f\" data-element_type=\"section\">\n\t\t\t\t\t\t<div class=\"elementor-container elementor-column-gap-default\">\n\t\t\t\t\t<div class=\"elementor-column elementor-col-100 elementor-top-column elementor-element elementor-element-9f78a45 elementor-invisible\" data-id=\"9f78a45\" data-element_type=\"column\" data-settings=\"{&quot;background_background&quot;:&quot;classic&quot;,&quot;animation&quot;:&quot;fadeInUp&quot;}\">\n\t\t\t<div class=\"elementor-widget-wrap elementor-element-populated\">\n\t\t\t\t\t<div class=\"elementor-background-overlay\"><\/div>\n\t\t\t\t\t\t<section data-particle_enable=\"false\" data-particle-mobile-disabled=\"false\" class=\"elementor-section elementor-inner-section elementor-element elementor-element-a459878 elementor-section-content-middle elementor-section-boxed elementor-section-height-default elementor-section-height-default\" data-id=\"a459878\" data-element_type=\"section\">\n\t\t\t\t\t\t<div class=\"elementor-container elementor-column-gap-default\">\n\t\t\t\t\t<div class=\"elementor-column elementor-col-50 elementor-inner-column elementor-element elementor-element-7cd8f1bd\" data-id=\"7cd8f1bd\" data-element_type=\"column\">\n\t\t\t<div class=\"elementor-widget-wrap elementor-element-populated\">\n\t\t\t\t\t\t<div class=\"elementor-element elementor-element-5ff8a5bb elementor-widget elementor-widget-heading\" data-id=\"5ff8a5bb\" data-element_type=\"widget\" data-widget_type=\"heading.default\">\n\t\t\t\t<div class=\"elementor-widget-container\">\n\t\t\t\t\t<h2 class=\"elementor-heading-title elementor-size-default\">Envoyez-nous un message<\/h2>\t\t\t\t<\/div>\n\t\t\t\t<\/div>\n\t\t\t\t<div class=\"elementor-element elementor-element-2ae3b14e elementor-widget elementor-widget-text-editor\" data-id=\"2ae3b14e\" data-element_type=\"widget\" data-widget_type=\"text-editor.default\">\n\t\t\t\t<div class=\"elementor-widget-container\">\n\t\t\t\t\t\t\t\t\t<div id=\"sppb-addon-1495132660\" class=\"clearfix\"><div class=\"sppb-addon sppb-addon-text-block 0 sppb-text-left \"><div class=\"sppb-addon-content\"><p>\u00a0Nous vous r\u00e9pondrons dans un d\u00e9lai maximum de 1 \u00e0 2 jours ouvrables.<\/p><\/div><\/div><\/div>\t\t\t\t\t\t\t\t<\/div>\n\t\t\t\t<\/div>\n\t\t\t\t\t<\/div>\n\t\t<\/div>\n\t\t\t\t<div class=\"elementor-column elementor-col-50 elementor-inner-column elementor-element elementor-element-5675d3e4\" data-id=\"5675d3e4\" data-element_type=\"column\">\n\t\t\t<div class=\"elementor-widget-wrap elementor-element-populated\">\n\t\t\t\t\t\t<div class=\"elementor-element elementor-element-78c3f536 elementor-button-align-stretch elementor-widget elementor-widget-form\" data-id=\"78c3f536\" data-element_type=\"widget\" data-settings=\"{&quot;step_next_label&quot;:&quot;Next&quot;,&quot;step_previous_label&quot;:&quot;Previous&quot;,&quot;button_width&quot;:&quot;100&quot;,&quot;step_type&quot;:&quot;number_text&quot;,&quot;step_icon_shape&quot;:&quot;circle&quot;}\" data-widget_type=\"form.default\">\n\t\t\t\t<div class=\"elementor-widget-container\">\n\t\t\t\t\t\t\t<form class=\"elementor-form\" method=\"post\" name=\"Contact form\" aria-label=\"Contact form\">\n\t\t\t<input type=\"hidden\" name=\"post_id\" value=\"104\"\/>\n\t\t\t<input type=\"hidden\" name=\"form_id\" value=\"78c3f536\"\/>\n\t\t\t<input type=\"hidden\" name=\"referer_title\" value=\"Navstar Petroleum\" \/>\n\n\t\t\t\n\t\t\t<div class=\"elementor-form-fields-wrapper elementor-labels-\">\n\t\t\t\t\t\t\t\t<div class=\"elementor-field-type-text elementor-field-group elementor-column elementor-field-group-field_c077194 elementor-col-50\">\n\t\t\t\t\t\t\t\t\t\t\t\t<label for=\"form-field-field_c077194\" class=\"elementor-field-label elementor-screen-only\">\n\t\t\t\t\t\t\t\tNom\t\t\t\t\t\t\t<\/label>\n\t\t\t\t\t\t\t\t\t\t\t\t\t\t<input size=\"1\" type=\"text\" name=\"form_fields[field_c077194]\" id=\"form-field-field_c077194\" class=\"elementor-field elementor-size-md  elementor-field-textual\" placeholder=\"Nom\">\n\t\t\t\t\t\t\t\t\t\t\t<\/div>\n\t\t\t\t\t\t\t\t<div class=\"elementor-field-type-text elementor-field-group elementor-column elementor-field-group-name elementor-col-50\">\n\t\t\t\t\t\t\t\t\t\t\t\t<label for=\"form-field-name\" class=\"elementor-field-label elementor-screen-only\">\n\t\t\t\t\t\t\t\tPhone\t\t\t\t\t\t\t<\/label>\n\t\t\t\t\t\t\t\t\t\t\t\t\t\t<input size=\"1\" type=\"text\" name=\"form_fields[name]\" id=\"form-field-name\" class=\"elementor-field elementor-size-md  elementor-field-textual\" placeholder=\"T\u00e9l\u00e9phone\">\n\t\t\t\t\t\t\t\t\t\t\t<\/div>\n\t\t\t\t\t\t\t\t<div class=\"elementor-field-type-email elementor-field-group elementor-column elementor-field-group-email elementor-col-50 elementor-field-required\">\n\t\t\t\t\t\t\t\t\t\t\t\t<label for=\"form-field-email\" class=\"elementor-field-label elementor-screen-only\">\n\t\t\t\t\t\t\t\tEmail\t\t\t\t\t\t\t<\/label>\n\t\t\t\t\t\t\t\t\t\t\t\t\t\t<input size=\"1\" type=\"email\" name=\"form_fields[email]\" id=\"form-field-email\" class=\"elementor-field elementor-size-md  elementor-field-textual\" placeholder=\"Email\" required=\"required\">\n\t\t\t\t\t\t\t\t\t\t\t<\/div>\n\t\t\t\t\t\t\t\t<div class=\"elementor-field-type-email elementor-field-group elementor-column elementor-field-group-field_a3a0eb5 elementor-col-50 elementor-field-required\">\n\t\t\t\t\t\t\t\t\t\t\t\t<label for=\"form-field-field_a3a0eb5\" class=\"elementor-field-label elementor-screen-only\">\n\t\t\t\t\t\t\t\tCompagnie\t\t\t\t\t\t\t<\/label>\n\t\t\t\t\t\t\t\t\t\t\t\t\t\t<input size=\"1\" type=\"email\" name=\"form_fields[field_a3a0eb5]\" id=\"form-field-field_a3a0eb5\" class=\"elementor-field elementor-size-md  elementor-field-textual\" placeholder=\"Compagnie\" required=\"required\">\n\t\t\t\t\t\t\t\t\t\t\t<\/div>\n\t\t\t\t\t\t\t\t<div class=\"elementor-field-type-email elementor-field-group elementor-column elementor-field-group-field_77c1063 elementor-col-100 elementor-field-required\">\n\t\t\t\t\t\t\t\t\t\t\t\t<label for=\"form-field-field_77c1063\" class=\"elementor-field-label elementor-screen-only\">\n\t\t\t\t\t\t\t\tSujet\t\t\t\t\t\t\t<\/label>\n\t\t\t\t\t\t\t\t\t\t\t\t\t\t<input size=\"1\" type=\"email\" name=\"form_fields[field_77c1063]\" id=\"form-field-field_77c1063\" class=\"elementor-field elementor-size-md  elementor-field-textual\" placeholder=\"Sujet\" required=\"required\">\n\t\t\t\t\t\t\t\t\t\t\t<\/div>\n\t\t\t\t\t\t\t\t<div class=\"elementor-field-type-textarea elementor-field-group elementor-column elementor-field-group-message elementor-col-100\">\n\t\t\t\t\t\t\t\t\t\t\t\t<label for=\"form-field-message\" class=\"elementor-field-label elementor-screen-only\">\n\t\t\t\t\t\t\t\tMessage\t\t\t\t\t\t\t<\/label>\n\t\t\t\t\t\t<textarea class=\"elementor-field-textual elementor-field  elementor-size-md\" name=\"form_fields[message]\" id=\"form-field-message\" rows=\"4\" placeholder=\"Message\"><\/textarea>\t\t\t\t<\/div>\n\t\t\t\t\t\t\t\t<div class=\"elementor-field-type-recaptcha elementor-field-group elementor-column elementor-field-group-field_79b6277 elementor-col-100\">\n\t\t\t\t\t<div class=\"elementor-field\" id=\"form-field-field_79b6277\"><div class=\"elementor-g-recaptcha\" data-sitekey=\"6Le-IOskAAAAAGuj6nBoXuKXmM5OfxYGoeqhcdUy\" data-type=\"v2_checkbox\" data-theme=\"light\" data-size=\"normal\"><\/div><\/div>\t\t\t\t<\/div>\n\t\t\t\t\t\t\t\t<div class=\"elementor-field-group elementor-column elementor-field-type-submit elementor-col-100 e-form__buttons\">\n\t\t\t\t\t<button class=\"elementor-button elementor-size-md\" type=\"submit\">\n\t\t\t\t\t\t<span class=\"elementor-button-content-wrapper\">\n\t\t\t\t\t\t\t\t\t\t\t\t\t\t\t\t\t\t\t\t\t\t<span class=\"elementor-button-text\">Envoyer<\/span>\n\t\t\t\t\t\t\t\t\t\t\t\t\t<\/span>\n\t\t\t\t\t<\/button>\n\t\t\t\t<\/div>\n\t\t\t<\/div>\n\t\t<\/form>\n\t\t\t\t\t\t<\/div>\n\t\t\t\t<\/div>\n\t\t\t\t\t<\/div>\n\t\t<\/div>\n\t\t\t\t\t<\/div>\n\t\t<\/section>\n\t\t\t\t\t<\/div>\n\t\t<\/div>\n\t\t\t\t\t<\/div>\n\t\t<\/section>\n\t\t\t\t<\/div>\n\t\t","protected":false},"excerpt":{"rendered":"<p>Contact Des questions ? Parlez \u00e0 quelqu&rsquo;un. Ecrivez nous pour les produits et les ventes, le service client\u00e8le, l&rsquo;approvisionnement et bien d&rsquo;autres. Envoyez-nous un message \u00a0Nous vous r\u00e9pondrons dans un d\u00e9lai maximum de 1 \u00e0 2 jours ouvrables.<\/p>\n","protected":false},"author":1,"featured_media":0,"parent":0,"menu_order":0,"comment_status":"closed","ping_status":"closed","template":"elementor_header_footer","meta":{"footnotes":""},"class_list":["post-104","page","type-page","status-publish","hentry"],"yoast_head":"<!-- This site is optimized with the Yoast SEO plugin v25.4 - https:\/\/yoast.com\/wordpress\/plugins\/seo\/ -->\n<title>Contact - Navstar Petroleum<\/title>\n<meta name=\"robots\" content=\"index, follow, max-snippet:-1, max-image-preview:large, max-video-preview:-1\" \/>\n<link rel=\"canonical\" href=\"https:\/\/navstarpetroleum.com\/?page_id=104\" \/>\n<meta property=\"og:locale\" content=\"fr_FR\" \/>\n<meta property=\"og:type\" content=\"article\" \/>\n<meta property=\"og:title\" content=\"Contact - Navstar Petroleum\" \/>\n<meta property=\"og:description\" content=\"Contact Des questions ? Parlez \u00e0 quelqu&rsquo;un. Ecrivez nous pour les produits et les ventes, le service client\u00e8le, l&rsquo;approvisionnement et bien d&rsquo;autres. Envoyez-nous un message \u00a0Nous vous r\u00e9pondrons dans un d\u00e9lai maximum de 1 \u00e0 2 jours ouvrables.\" \/>\n<meta property=\"og:url\" content=\"https:\/\/navstarpetroleum.com\/?page_id=104\" \/>\n<meta property=\"og:site_name\" content=\"Navstar Petroleum\" \/>\n<meta property=\"article:modified_time\" content=\"2023-03-10T05:15:09+00:00\" \/>\n<meta property=\"og:image\" content=\"https:\/\/navstarpetroleum.com\/wp-content\/uploads\/2023\/03\/navstar-fallback-og.jpg\" \/>\n\t<meta property=\"og:image:width\" content=\"1200\" \/>\n\t<meta property=\"og:image:height\" content=\"675\" \/>\n\t<meta property=\"og:image:type\" content=\"image\/jpeg\" \/>\n<meta name=\"twitter:card\" content=\"summary_large_image\" \/>\n<meta name=\"twitter:label1\" content=\"Dur\u00e9e de lecture estim\u00e9e\" \/>\n\t<meta name=\"twitter:data1\" content=\"1 minute\" \/>\n<script type=\"application\/ld+json\" class=\"yoast-schema-graph\">{\"@context\":\"https:\/\/schema.org\",\"@graph\":[{\"@type\":\"WebPage\",\"@id\":\"https:\/\/navstarpetroleum.com\/?page_id=104\",\"url\":\"https:\/\/navstarpetroleum.com\/?page_id=104\",\"name\":\"Contact - Navstar Petroleum\",\"isPartOf\":{\"@id\":\"https:\/\/navstarpetroleum.com\/#website\"},\"datePublished\":\"2023-03-09T14:10:24+00:00\",\"dateModified\":\"2023-03-10T05:15:09+00:00\",\"breadcrumb\":{\"@id\":\"https:\/\/navstarpetroleum.com\/?page_id=104#breadcrumb\"},\"inLanguage\":\"fr-FR\",\"potentialAction\":[{\"@type\":\"ReadAction\",\"target\":[\"https:\/\/navstarpetroleum.com\/?page_id=104\"]}]},{\"@type\":\"BreadcrumbList\",\"@id\":\"https:\/\/navstarpetroleum.com\/?page_id=104#breadcrumb\",\"itemListElement\":[{\"@type\":\"ListItem\",\"position\":1,\"name\":\"Home\",\"item\":\"https:\/\/navstarpetroleum.com\/\"},{\"@type\":\"ListItem\",\"position\":2,\"name\":\"Contact\"}]},{\"@type\":\"WebSite\",\"@id\":\"https:\/\/navstarpetroleum.com\/#website\",\"url\":\"https:\/\/navstarpetroleum.com\/\",\"name\":\"Navstar Petroleum\",\"description\":\"Solution pour vos besoins en produits petrolier\",\"publisher\":{\"@id\":\"https:\/\/navstarpetroleum.com\/#organization\"},\"alternateName\":\"Navstar\",\"potentialAction\":[{\"@type\":\"SearchAction\",\"target\":{\"@type\":\"EntryPoint\",\"urlTemplate\":\"https:\/\/navstarpetroleum.com\/?s={search_term_string}\"},\"query-input\":{\"@type\":\"PropertyValueSpecification\",\"valueRequired\":true,\"valueName\":\"search_term_string\"}}],\"inLanguage\":\"fr-FR\"},{\"@type\":\"Organization\",\"@id\":\"https:\/\/navstarpetroleum.com\/#organization\",\"name\":\"Navstar Petroleum\",\"alternateName\":\"Navstar\",\"url\":\"https:\/\/navstarpetroleum.com\/\",\"logo\":{\"@type\":\"ImageObject\",\"inLanguage\":\"fr-FR\",\"@id\":\"https:\/\/navstarpetroleum.com\/#\/schema\/logo\/image\/\",\"url\":\"https:\/\/navstarpetroleum.com\/wp-content\/uploads\/2023\/03\/navstar-logo.svg\",\"contentUrl\":\"https:\/\/navstarpetroleum.com\/wp-content\/uploads\/2023\/03\/navstar-logo.svg\",\"width\":282,\"height\":69,\"caption\":\"Navstar Petroleum\"},\"image\":{\"@id\":\"https:\/\/navstarpetroleum.com\/#\/schema\/logo\/image\/\"}}]}<\/script>\n<!-- \/ Yoast SEO plugin. -->","yoast_head_json":{"title":"Contact - Navstar Petroleum","robots":{"index":"index","follow":"follow","max-snippet":"max-snippet:-1","max-image-preview":"max-image-preview:large","max-video-preview":"max-video-preview:-1"},"canonical":"https:\/\/navstarpetroleum.com\/?page_id=104","og_locale":"fr_FR","og_type":"article","og_title":"Contact - Navstar Petroleum","og_description":"Contact Des questions ? Parlez \u00e0 quelqu&rsquo;un. Ecrivez nous pour les produits et les ventes, le service client\u00e8le, l&rsquo;approvisionnement et bien d&rsquo;autres. Envoyez-nous un message \u00a0Nous vous r\u00e9pondrons dans un d\u00e9lai maximum de 1 \u00e0 2 jours ouvrables.","og_url":"https:\/\/navstarpetroleum.com\/?page_id=104","og_site_name":"Navstar Petroleum","article_modified_time":"2023-03-10T05:15:09+00:00","og_image":[{"width":1200,"height":675,"url":"https:\/\/navstarpetroleum.com\/wp-content\/uploads\/2023\/03\/navstar-fallback-og.jpg","type":"image\/jpeg"}],"twitter_card":"summary_large_image","twitter_misc":{"Dur\u00e9e de lecture estim\u00e9e":"1 minute"},"schema":{"@context":"https:\/\/schema.org","@graph":[{"@type":"WebPage","@id":"https:\/\/navstarpetroleum.com\/?page_id=104","url":"https:\/\/navstarpetroleum.com\/?page_id=104","name":"Contact - Navstar Petroleum","isPartOf":{"@id":"https:\/\/navstarpetroleum.com\/#website"},"datePublished":"2023-03-09T14:10:24+00:00","dateModified":"2023-03-10T05:15:09+00:00","breadcrumb":{"@id":"https:\/\/navstarpetroleum.com\/?page_id=104#breadcrumb"},"inLanguage":"fr-FR","potentialAction":[{"@type":"ReadAction","target":["https:\/\/navstarpetroleum.com\/?page_id=104"]}]},{"@type":"BreadcrumbList","@id":"https:\/\/navstarpetroleum.com\/?page_id=104#breadcrumb","itemListElement":[{"@type":"ListItem","position":1,"name":"Home","item":"https:\/\/navstarpetroleum.com\/"},{"@type":"ListItem","position":2,"name":"Contact"}]},{"@type":"WebSite","@id":"https:\/\/navstarpetroleum.com\/#website","url":"https:\/\/navstarpetroleum.com\/","name":"Navstar Petroleum","description":"Solution pour vos besoins en produits petrolier","publisher":{"@id":"https:\/\/navstarpetroleum.com\/#organization"},"alternateName":"Navstar","potentialAction":[{"@type":"SearchAction","target":{"@type":"EntryPoint","urlTemplate":"https:\/\/navstarpetroleum.com\/?s={search_term_string}"},"query-input":{"@type":"PropertyValueSpecification","valueRequired":true,"valueName":"search_term_string"}}],"inLanguage":"fr-FR"},{"@type":"Organization","@id":"https:\/\/navstarpetroleum.com\/#organization","name":"Navstar Petroleum","alternateName":"Navstar","url":"https:\/\/navstarpetroleum.com\/","logo":{"@type":"ImageObject","inLanguage":"fr-FR","@id":"https:\/\/navstarpetroleum.com\/#\/schema\/logo\/image\/","url":"https:\/\/navstarpetroleum.com\/wp-content\/uploads\/2023\/03\/navstar-logo.svg","contentUrl":"https:\/\/navstarpetroleum.com\/wp-content\/uploads\/2023\/03\/navstar-logo.svg","width":282,"height":69,"caption":"Navstar Petroleum"},"image":{"@id":"https:\/\/navstarpetroleum.com\/#\/schema\/logo\/image\/"}}]}},"_links":{"self":[{"href":"https:\/\/navstarpetroleum.com\/index.php?rest_route=\/wp\/v2\/pages\/104","targetHints":{"allow":["GET"]}}],"collection":[{"href":"https:\/\/navstarpetroleum.com\/index.php?rest_route=\/wp\/v2\/pages"}],"about":[{"href":"https:\/\/navstarpetroleum.com\/index.php?rest_route=\/wp\/v2\/types\/page"}],"author":[{"embeddable":true,"href":"https:\/\/navstarpetroleum.com\/index.php?rest_route=\/wp\/v2\/users\/1"}],"replies":[{"embeddable":true,"href":"https:\/\/navstarpetroleum.com\/index.php?rest_route=%2Fwp%2Fv2%2Fcomments&post=104"}],"version-history":[{"count":9,"href":"https:\/\/navstarpetroleum.com\/index.php?rest_route=\/wp\/v2\/pages\/104\/revisions"}],"predecessor-version":[{"id":330,"href":"https:\/\/navstarpetroleum.com\/index.php?rest_route=\/wp\/v2\/pages\/104\/revisions\/330"}],"wp:attachment":[{"href":"https:\/\/navstarpetroleum.com\/index.php?rest_route=%2Fwp%2Fv2%2Fmedia&parent=104"}],"curies":[{"name":"wp","href":"https:\/\/api.w.org\/{rel}","templated":true}]}}